{"id":2754,"date":"2025-06-06T16:10:14","date_gmt":"2025-06-06T14:10:14","guid":{"rendered":"https:\/\/iclotet.com\/politica-de-galetes\/"},"modified":"2025-07-10T13:55:24","modified_gmt":"2025-07-10T11:55:24","slug":"politica-cookies","status":"publish","type":"page","link":"https:\/\/iclotet.com\/ca\/politica-cookies\/","title":{"rendered":"Pol\u00edtica de galetes"},"content":{"rendered":"\t\t<div data-elementor-type=\"wp-page\" data-elementor-id=\"2754\" class=\"elementor elementor-2754 elementor-2253\" data-elementor-post-type=\"page\">\n\t\t\t\t<div class=\"elementor-element elementor-element-4c94977 e-flex e-con-boxed e-con e-parent\" data-id=\"4c94977\" data-element_type=\"container\" data-e-type=\"container\" data-settings=\"{&quot;background_background&quot;:&quot;classic&quot;}\">\n\t\t\t\t\t<div class=\"e-con-inner\">\n\t\t<div class=\"elementor-element elementor-element-78d592a e-con-full e-flex e-con e-child\" data-id=\"78d592a\" data-element_type=\"container\" data-e-type=\"container\">\n\t\t\t\t<div class=\"elementor-element elementor-element-f39a6d9 elementor-widget elementor-widget-spacer\" data-id=\"f39a6d9\" data-element_type=\"widget\" data-e-type=\"widget\" data-widget_type=\"spacer.default\">\n\t\t\t\t<div class=\"elementor-widget-container\">\n\t\t\t\t\t\t\t<div class=\"elementor-spacer\">\n\t\t\t<div class=\"elementor-spacer-inner\"><\/div>\n\t\t<\/div>\n\t\t\t\t\t\t<\/div>\n\t\t\t\t<\/div>\n\t\t\t\t<div class=\"elementor-element elementor-element-aeb49f4 elementor-widget__width-inherit animate__text elementor-widget-mobile__width-inherit elementor-widget-tablet__width-initial elementor-invisible elementor-widget elementor-widget-heading\" data-id=\"aeb49f4\" data-element_type=\"widget\" data-e-type=\"widget\" data-settings=\"{&quot;_animation&quot;:&quot;fadeIn&quot;}\" data-widget_type=\"heading.default\">\n\t\t\t\t<div class=\"elementor-widget-container\">\n\t\t\t\t\t<h1 class=\"elementor-heading-title elementor-size-default\">Pol\u00edtica de galetes<\/h1>\t\t\t\t<\/div>\n\t\t\t\t<\/div>\n\t\t\t\t<\/div>\n\t\t\t\t<div class=\"elementor-element elementor-element-0653c06 elementor-widget__width-initial elementor-absolute elementor-hidden-mobile elementor-widget elementor-widget-image\" data-id=\"0653c06\" data-element_type=\"widget\" data-e-type=\"widget\" data-settings=\"{&quot;_position&quot;:&quot;absolute&quot;}\" data-widget_type=\"image.default\">\n\t\t\t\t<div class=\"elementor-widget-container\">\n\t\t\t\t\t\t\t\t\t\t\t\t\t\t\t<img decoding=\"async\" width=\"118\" height=\"47\" src=\"https:\/\/iclotet.com\/wp-content\/uploads\/2025\/01\/isotipo-colors.jpg\" class=\"attachment-full size-full wp-image-51\" alt=\"\" \/>\t\t\t\t\t\t\t\t\t\t\t\t\t\t\t<\/div>\n\t\t\t\t<\/div>\n\t\t\t\t\t<\/div>\n\t\t\t\t<\/div>\n\t\t<div class=\"elementor-element elementor-element-004eeb2 e-flex e-con-boxed e-con e-parent\" data-id=\"004eeb2\" data-element_type=\"container\" data-e-type=\"container\">\n\t\t\t\t\t<div class=\"e-con-inner\">\n\t\t<div class=\"elementor-element elementor-element-005d1db e-con-full e-flex e-con e-child\" data-id=\"005d1db\" data-element_type=\"container\" data-e-type=\"container\">\n\t\t\t\t<div class=\"elementor-element elementor-element-710d529 elementor-widget elementor-widget-text-editor\" data-id=\"710d529\" data-element_type=\"widget\" data-e-type=\"widget\" data-widget_type=\"text-editor.default\">\n\t\t\t\t<div class=\"elementor-widget-container\">\n\t\t\t\t\t\t\t\t\t<p>En compliment amb el deure d\u2019informaci\u00f3 recollit a l\u2019apartat 2n de l\u2019article 22 de la Llei 34\/2002, d\u201911 de juliol, de serveis de la societat de la informaci\u00f3 i del comer\u00e7 electr\u00f2nic, la present pol\u00edtica de galetes t\u00e9 per finalitat informar-lo de manera clara i precisa sobre les galetes que s\u2019utilitzen al lloc web d\u2019IGNASI CLOTET, S.L.U.<\/p><h3>Qu\u00e8 s\u00f3n les galetes?<\/h3><p>Una galeta \u00e9s un fitxer de petita mida que els llocs web envien al navegador i que es descarrega al seu ordinador. Les galetes permeten que la p\u00e0gina web emmagatzemi i recuperi informaci\u00f3 sobre la seva visita, com ara el seu idioma preferit i altres opcions, amb la finalitat de millorar els serveis que s\u2019ofereixen i contribuir a una millor experi\u00e8ncia de navegaci\u00f3 per a l\u2019usuari. <\/p><h3>Autoritzaci\u00f3 per a l\u2019\u00fas de galetes<\/h3><p>De conformitat amb l\u2019av\u00eds de galetes que apareix al lloc web, l\u2019usuari accepta que, en navegar-hi, consent expressament l\u2019\u00fas de galetes segons la descripci\u00f3 que es detalla a continuaci\u00f3, sense perjudici que l\u2019usuari pugui modificar la configuraci\u00f3 del seu navegador per rebutjar-ne l\u2019\u00fas.<\/p><h3>Tipus de galetes<\/h3><p>Segons qui gestioni el domini des d\u2019on s\u2019envien les galetes i es tractin les dades, es distingeixen entre galetes pr\u00f2pies i galetes de tercers.<\/p><p>Les galetes tamb\u00e9 poden classificar-se segons el per\u00edode de temps que romanen emmagatzemades al navegador de l\u2019usuari, diferenciant-se entre galetes de sessi\u00f3 o galetes persistents.<\/p><p>Finalment, en funci\u00f3 de la finalitat per la qual es tracti la informaci\u00f3 recollida, les galetes es poden classificar en les seg\u00fcents categories:<\/p><ul><li>Galetes t\u00e8cniques: permeten a l\u2019usuari navegar per un lloc web i utilitzar alguns dels serveis oferts (com per exemple, recordar els elements d\u2019un carret\u00f3 de compra).<\/li><li>Galetes de personalitzaci\u00f3: permeten que l\u2019usuari accedeixi al lloc web amb determinades caracter\u00edstiques, com l\u2019idioma.<br>Galetes de seguretat: serveixen per impedir o dificultar atacs contra el lloc web.<\/li><li>Galetes de complement per a compartir continguts socials: tamb\u00e9 anomenades plug-in, permeten compartir continguts a xarxes socials.<\/li><li>Galetes d&#8217;an\u00e0lisi: permeten al responsable el seguiment del comportament de l&#8217;usuari.<\/li><li>Galetes publicit\u00e0ries: permeten gestionar els espais publicitaris del lloc web.<\/li><li>Galetes de publicitat comportamental: igual que les anteriors, serveixen per gestionar els espais publicitaris del lloc web en funci\u00f3 de la informaci\u00f3 recollida sobre el comportament i els h\u00e0bits de l\u2019usuari, adaptant la publicitat al seu perfil.<\/li><li>Galetes de geolocalitzaci\u00f3: utilitzades per con\u00e8ixer el pa\u00eds des d\u2019on es connecta l\u2019usuari.<\/li><\/ul><h3>Com modificar la configuraci\u00f3 de les galetes<\/h3><p>Vost\u00e8 pot restringir, bloquejar o eliminar les galetes d\u2019IGNASI CLOTET, S.L.U. o de qualsevol altra p\u00e0gina web utilitzant el seu navegador. En cada navegador el procediment \u00e9s diferent; pot consultar com fer-ho al men\u00fa d\u2019ajuda del seu navegador, on s\u2019estableix el procediment per a la seva eliminaci\u00f3. Per a m\u00e9s informaci\u00f3:  <\/p><ul><li><strong>Google Chrome:<\/strong><br><a href=\"https:\/\/support.google.com\/chrome\/answer\/95647?co=GENIE.Platform%3DDesktop&amp;hl=es\" target=\"_blank\" rel=\"noopener\">https:\/\/support.google.com\/chrome\/answer\/95647?co=GENIE.Platform%3DDesktop&amp;hl=es<\/a><\/li><li><strong>Mozilla Firefox:<\/strong><br><a href=\"https:\/\/support.mozilla.org\/es\/kb\/habilitar-y-deshabilitar-cookies-sitios-web-rastrear-preferencias\" target=\"_blank\" rel=\"noopener\">https:\/\/support.mozilla.org\/es\/kb\/habilitar-y-deshabilitar-cookies-sitios-web-rastrear-preferencias<\/a><\/li><li><strong>Safari:<\/strong><br><a href=\"https:\/\/support.apple.com\/es-es\/guide\/safari\/sfri11471\/mac\" target=\"_blank\" rel=\"noopener\">https:\/\/support.apple.com\/es-es\/guide\/safari\/sfri11471\/mac<\/a><\/li><li><strong>Internet Explorer:<\/strong><br><a href=\"https:\/\/support.microsoft.com\/es-es\/help\/278835\/how-to-delete-cookie-files-in-internet-explorer\" target=\"_blank\" rel=\"noopener\">https:\/\/support.microsoft.com\/es-es\/help\/278835\/how-to-delete-cookie-files-in-internet-explorer<\/a><\/li><\/ul><p>\u00c9s possible que, en desactivar les galetes, el lloc web no funcioni correctament o no pugui accedir a determinades funcionalitats del mateix.<\/p><h3>Galetes utilitzades al lloc web<\/h3><p>Al portal web s\u2019utilitzen diferents tipus de galetes amb diverses finalitats. A continuaci\u00f3, es detallen les galetes utilitzades:<\/p><ul><li>Galetes necess\u00e0ries: Les galetes necess\u00e0ries s\u00f3n crucials per a les funcions b\u00e0siques del lloc web i aquest no funcionar\u00e0 com s\u2019espera sense elles. Aquestes galetes no emmagatzemen cap dada d\u2019identificaci\u00f3 personal. <\/li><\/ul><table id=\"cky-cookie-audit-table416868\" class=\"cky-cookie-audit-table\"><thead><tr><th>Galeta<\/th> <th>Tipus<\/th> <th>Durada<\/th> <th>Descripci\u00f3<\/th><\/tr><\/thead><tbody><tr><td>__hssrc<\/td><td>https<\/td><td>sesi\u00f3n<\/td><td>This cookie is set by Hubspot whenever it changes the session cookie. The __hssrc cookie set to 1 indicates that the user has restarted the browser, and if the cookie does not exist, it is assumed to be a new session. <\/td><\/tr><tr><td>elementor<\/td> <td>https<\/td> <td>Mai<\/td><td>Aquesta galeta \u00e9s utilitzada pel tema WordPress del lloc web. Permet al propietari del lloc implementar o modificar el contingut del lloc web en temps real. <\/td><\/tr><\/tbody><\/table><ul><li>Galetes funcionals: Les galetes funcionals ajuden a dur a terme determinades funcionalitats, com ara compartir el contingut del lloc web a plataformes de xarxes socials, recopilar comentaris i altres caracter\u00edstiques de tercers.<\/li><\/ul><table id=\"cky-cookie-audit-table416869\" class=\"cky-cookie-audit-table\"><thead><tr><th>Galeta<\/th> <th>Tipus<\/th> <th>Durada<\/th> <th>Descripci\u00f3<\/th><\/tr><\/thead><tbody><tr><td>pll_language<\/td> <td>https<\/td> <td>1 any<\/td> <td>La galeta pll_language \u00e9s utilitzada per Polylang per recordar l\u2019idioma seleccionat per l\u2019usuari quan torna al lloc web, i tamb\u00e9 per obtenir la informaci\u00f3 de l\u2019idioma quan no est\u00e0 disponible d\u2019una altra manera.<\/td><\/tr><tr><td>__hssc<\/td> <td>https<\/td> <td>30 minuts<\/td> <td>HubSpot estableix aquesta galeta per fer el seguiment de les sessions i determinar si ha d\u2019incrementar el n\u00famero de sessi\u00f3 i les marques de temps a la galeta __hstc.<\/td><\/tr><\/tbody><\/table><ul><li>Galetes anal\u00edtiques: Les galetes anal\u00edtiques s\u2019utilitzen per comprendre com interactuen els visitants amb el lloc web. Aquestes galetes ajuden a proporcionar informaci\u00f3 sobre m\u00e8triques com el nombre de visitants, el percentatge de rebot, la font de tr\u00e0nsit, etc. <\/li><\/ul><table id=\"cky-cookie-audit-table416870\" class=\"cky-cookie-audit-table\"><thead><tr><th>Galeta<\/th> <th>Tipus<\/th> <th>Durada<\/th> <th>Descripci\u00f3<\/th><\/tr><\/thead><tbody><tr><td>_ga<\/td><td>https<\/td><td>2 anys<\/td><td>La galeta _ga, instal\u00b7lada per Google Analytics, calcula dades de visitants, sessions i campanyes, i tamb\u00e9 fa un seguiment de l\u2019\u00fas del lloc web per al seu informe anal\u00edtic. La galeta emmagatzema la informaci\u00f3 de manera an\u00f2nima i assigna un n\u00famero generat aleat\u00f2riament per recon\u00e8ixer els visitants \u00fanics. <\/td><\/tr><tr><td>_gid<\/td><td>https<\/td><td>1 dia<\/td><td>Instal\u00b7lada per Google Analytics, la galeta _gid emmagatzema informaci\u00f3 sobre com els visitants utilitzen un lloc web, i tamb\u00e9 crea un informe anal\u00edtic sobre el rendiment del lloc. Algunes de les dades que es recullen inclouen el nombre de visitants, la seva proced\u00e8ncia i les p\u00e0gines que visiten de manera an\u00f2nima.<br><br> <\/td><\/tr><tr><td>_gat_gtag_UA_197940246_1<\/td><td>https<\/td><td>1 minut <\/td><td>Aquesta galeta \u00e9s establerta per Google i s\u2019utilitza per distingir els usuaris.<\/td><\/tr><tr><td>__hstc<\/td><td>https<\/td><td>1 any 24 dies<\/td><td>Aquesta \u00e9s la galeta principal establerta per HubSpot per al seguiment de visitants. Cont\u00e9 el domini, la marca de temps inicial (primera visita), la marca de temps final (\u00faltima visita), la marca de temps actual (aquesta visita) i el n\u00famero de sessi\u00f3 (s\u2019incrementa en cada sessi\u00f3 posterior). <\/td><\/tr><tr><td>hubspotutk<\/td><td>https<\/td><td>1 any 24 dies<\/td><td>Aquesta galeta \u00e9s utilitzada per HubSpot per fer el seguiment dels visitants del lloc web. Es transmet a HubSpot en enviar un formulari i s&#8217;utilitza per deduplicar contactes. <\/td><\/tr><tr><td>CONSENT<\/td><td>https<\/td><td>16 anys 3 mesos 17 dies 13 hores 2 minuts<\/td><td>Aquestes galetes s\u2019estableixen mitjan\u00e7ant v\u00eddeos incrustats de YouTube. Registren dades estad\u00edstiques an\u00f2nimes, com per exemple quantes vegades es mostra el v\u00eddeo i quines configuracions s\u2019utilitzen per a la reproducci\u00f3. No es recullen dades sensibles tret que inicieu sessi\u00f3 al vostre compte de Google; en aquest cas, les vostres accions (com fer clic a &#8220;m&#8217;agrada&#8221; en un v\u00eddeo) s\u2019associen amb el vostre compte. <\/td><\/tr><\/tbody><\/table><ul><li>Galetes de rendiment: Les galetes de rendiment s\u2019utilitzen per comprendre i analitzar els indicadors clau de rendiment del lloc web, cosa que ajuda a oferir una millor experi\u00e8ncia d\u2019usuari als visitants.<\/li><li>Galetes publicit\u00e0ries: Les galetes publicit\u00e0ries s\u2019utilitzen per oferir als visitants anuncis personalitzats basats en les p\u00e0gines que han visitat pr\u00e8viament i per analitzar l\u2019efic\u00e0cia de la campanya publicit\u00e0ria.<\/li><\/ul><table id=\"cky-cookie-audit-table416872\" class=\"cky-cookie-audit-table\"><thead><tr><th>Galeta<\/th> <th>Tipus<\/th> <th>Durada<\/th> <th>Descripci\u00f3<\/th><\/tr><\/thead><tbody><tr><td>YSC<\/td><td>https<\/td><td>sessi\u00f3 <\/td><td>La galeta YSC \u00e9s establerta per YouTube i s\u2019utilitza per fer el seguiment de les visualitzacions de v\u00eddeos incrustats a les p\u00e0gines de YouTube.<\/td><\/tr><tr><td>VISITOR_INFO1_LIVE<\/td><td>https<\/td><td>5 mesos 27 dies <\/td><td>Una galeta establerta per YouTube per mesurar l\u2019ample de banda, que determina si l\u2019usuari rep la interf\u00edcie nova o l\u2019antiga del reproductor.<\/td><\/tr><tr><td>test_cookie<\/td><td>https<\/td><td>15 minuts <\/td><td>La galeta test_cookie \u00e9s establerta per doubleclick.net i s\u2019utilitza per comprovar si el navegador de l\u2019usuari admet galetes.<\/td><\/tr><tr><td>IDE<\/td><td>https<\/td><td>1 any 24 dies<\/td><td> Les galetes Google DoubleClick IDE s\u2019utilitzen per emmagatzemar informaci\u00f3 sobre com l\u2019usuari utilitza el lloc web, amb l\u2019objectiu de mostrar-li anuncis rellevants i adaptats al seu perfil.<\/td><\/tr><tr><td>yt.innertube::requests<\/td><td>https<\/td><td>Mai<\/td><td>Aquestes galetes s\u2019estableixen mitjan\u00e7ant v\u00eddeos incrustats de YouTube.<\/td><\/tr><tr><td>yt.innertube::nextId <\/td>| <td>https<\/td> | <td>Mai<\/td> | <td>Aquestes galetes s\u2019estableixen mitjan\u00e7ant v\u00eddeos incrustats de YouTube.<\/td><\/tr><\/tbody><\/table><ul><li>Altres: Altres galetes no categorizades s\u00f3n aquelles que s\u2019estan analitzant i encara no s\u2019han classificat dins d\u2019una categoria.<\/li><\/ul><table id=\"cky-cookie-audit-table429801\" class=\"cky-cookie-audit-table\"><thead><tr><th>Galeta<\/th> <th>Tipus<\/th> <th>Durada<\/th> <th>Descripci\u00f3<\/th><\/tr><\/thead><tbody><tr><td>_gali<\/td><td>https<\/td><td>Caducada<\/td><td>No description available.<\/td><\/tr><\/tbody><\/table><h3>Modificaci\u00f3 de les condicions<\/h3><p>IGNASI CLOTET, S.L.U. es reserva expressament el dret de modificar unilateralment, totalment o parcialment, sense necessitat de previ av\u00eds, la present Pol\u00edtica de Cookies. L\u2019usuari reconeix i accepta que \u00e9s la seva responsabilitat revisar aquesta Pol\u00edtica de Cookies. <\/p>\t\t\t\t\t\t\t\t<\/div>\n\t\t\t\t<\/div>\n\t\t\t\t<\/div>\n\t\t\t\t\t<\/div>\n\t\t\t\t<\/div>\n\t\t\t\t<\/div>\n\t\t","protected":false},"excerpt":{"rendered":"<p>En compliment amb el deure d\u2019informaci\u00f3 recollit a l\u2019apartat 2n de l\u2019article 22 de la Llei 34\/2002, d\u201911 de juliol, de serveis de la societat de la informaci\u00f3 i del comer\u00e7 electr\u00f2nic, la present pol\u00edtica de galetes t\u00e9 per finalitat informar-lo de manera clara i precisa sobre les galetes que s\u2019utilitzen al lloc web d\u2019IGNASI [&hellip;]<\/p>\n","protected":false},"author":2,"featured_media":0,"parent":0,"menu_order":0,"comment_status":"closed","ping_status":"closed","template":"","meta":{"_acf_changed":false,"footnotes":""},"class_list":["post-2754","page","type-page","status-publish","hentry"],"acf":[],"yoast_head":"<!-- This site is optimized with the Yoast SEO plugin v26.9 - https:\/\/yoast.com\/product\/yoast-seo-wordpress\/ -->\n<title>Pol\u00edtica de galetes | iclotet<\/title>\n<meta name=\"description\" content=\"Informa&#039;t sobre l&#039;\u00fas de cookies a iclotet Consulta com recopilem i protegim les teves dades per millorar la teva experi\u00e8ncia a la nostra web.\" \/>\n<meta name=\"robots\" content=\"index, follow, max-snippet:-1, max-image-preview:large, max-video-preview:-1\" \/>\n<link rel=\"canonical\" href=\"https:\/\/iclotet.com\/ca\/politica-cookies\/\" \/>\n<meta property=\"og:locale\" content=\"ca_ES\" \/>\n<meta property=\"og:type\" content=\"article\" \/>\n<meta property=\"og:title\" content=\"Pol\u00edtica de galetes | iclotet\" \/>\n<meta property=\"og:description\" content=\"Informa&#039;t sobre l&#039;\u00fas de cookies a iclotet Consulta com recopilem i protegim les teves dades per millorar la teva experi\u00e8ncia a la nostra web.\" \/>\n<meta property=\"og:url\" content=\"https:\/\/iclotet.com\/ca\/politica-cookies\/\" \/>\n<meta property=\"og:site_name\" content=\"iclotet\" \/>\n<meta property=\"article:modified_time\" content=\"2025-07-10T11:55:24+00:00\" \/>\n<meta property=\"og:image\" content=\"https:\/\/iclotet.com\/wp-content\/uploads\/2025\/01\/isotipo-colors.jpg\" \/>\n\t<meta property=\"og:image:width\" content=\"118\" \/>\n\t<meta property=\"og:image:height\" content=\"47\" \/>\n\t<meta property=\"og:image:type\" content=\"image\/jpeg\" \/>\n<meta name=\"twitter:card\" content=\"summary_large_image\" \/>\n<meta name=\"twitter:label1\" content=\"Temps estimat de lectura\" \/>\n\t<meta name=\"twitter:data1\" content=\"7 minuts\" \/>\n<script type=\"application\/ld+json\" class=\"yoast-schema-graph\">{\"@context\":\"https:\/\/schema.org\",\"@graph\":[{\"@type\":\"WebPage\",\"@id\":\"https:\/\/iclotet.com\/ca\/politica-cookies\/\",\"url\":\"https:\/\/iclotet.com\/ca\/politica-cookies\/\",\"name\":\"Pol\u00edtica de galetes | iclotet\",\"isPartOf\":{\"@id\":\"https:\/\/iclotet.com\/ca\/#website\"},\"primaryImageOfPage\":{\"@id\":\"https:\/\/iclotet.com\/ca\/politica-cookies\/#primaryimage\"},\"image\":{\"@id\":\"https:\/\/iclotet.com\/ca\/politica-cookies\/#primaryimage\"},\"thumbnailUrl\":\"https:\/\/iclotet.com\/wp-content\/uploads\/2025\/01\/isotipo-colors.jpg\",\"datePublished\":\"2025-06-06T14:10:14+00:00\",\"dateModified\":\"2025-07-10T11:55:24+00:00\",\"description\":\"Informa't sobre l'\u00fas de cookies a iclotet Consulta com recopilem i protegim les teves dades per millorar la teva experi\u00e8ncia a la nostra web.\",\"breadcrumb\":{\"@id\":\"https:\/\/iclotet.com\/ca\/politica-cookies\/#breadcrumb\"},\"inLanguage\":\"ca\",\"potentialAction\":[{\"@type\":\"ReadAction\",\"target\":[\"https:\/\/iclotet.com\/ca\/politica-cookies\/\"]}]},{\"@type\":\"ImageObject\",\"inLanguage\":\"ca\",\"@id\":\"https:\/\/iclotet.com\/ca\/politica-cookies\/#primaryimage\",\"url\":\"https:\/\/iclotet.com\/wp-content\/uploads\/2025\/01\/isotipo-colors.jpg\",\"contentUrl\":\"https:\/\/iclotet.com\/wp-content\/uploads\/2025\/01\/isotipo-colors.jpg\"},{\"@type\":\"BreadcrumbList\",\"@id\":\"https:\/\/iclotet.com\/ca\/politica-cookies\/#breadcrumb\",\"itemListElement\":[{\"@type\":\"ListItem\",\"position\":1,\"name\":\"Portada\",\"item\":\"https:\/\/iclotet.com\/ca\/inici\/\"},{\"@type\":\"ListItem\",\"position\":2,\"name\":\"Pol\u00edtica de galetes\"}]},{\"@type\":\"WebSite\",\"@id\":\"https:\/\/iclotet.com\/ca\/#website\",\"url\":\"https:\/\/iclotet.com\/ca\/\",\"name\":\"iclotet\",\"description\":\"small scale product flow\",\"publisher\":{\"@id\":\"https:\/\/iclotet.com\/ca\/#organization\"},\"potentialAction\":[{\"@type\":\"SearchAction\",\"target\":{\"@type\":\"EntryPoint\",\"urlTemplate\":\"https:\/\/iclotet.com\/ca\/?s={search_term_string}\"},\"query-input\":{\"@type\":\"PropertyValueSpecification\",\"valueRequired\":true,\"valueName\":\"search_term_string\"}}],\"inLanguage\":\"ca\"},{\"@type\":\"Organization\",\"@id\":\"https:\/\/iclotet.com\/ca\/#organization\",\"name\":\"iclotet\",\"url\":\"https:\/\/iclotet.com\/ca\/\",\"logo\":{\"@type\":\"ImageObject\",\"inLanguage\":\"ca\",\"@id\":\"https:\/\/iclotet.com\/ca\/#\/schema\/logo\/image\/\",\"url\":\"https:\/\/iclotet.com\/wp-content\/uploads\/2025\/01\/Iclotet_white.svg\",\"contentUrl\":\"https:\/\/iclotet.com\/wp-content\/uploads\/2025\/01\/Iclotet_white.svg\",\"caption\":\"iclotet\"},\"image\":{\"@id\":\"https:\/\/iclotet.com\/ca\/#\/schema\/logo\/image\/\"}}]}<\/script>\n<!-- \/ Yoast SEO plugin. -->","yoast_head_json":{"title":"Pol\u00edtica de galetes | iclotet","description":"Informa't sobre l'\u00fas de cookies a iclotet Consulta com recopilem i protegim les teves dades per millorar la teva experi\u00e8ncia a la nostra web.","robots":{"index":"index","follow":"follow","max-snippet":"max-snippet:-1","max-image-preview":"max-image-preview:large","max-video-preview":"max-video-preview:-1"},"canonical":"https:\/\/iclotet.com\/ca\/politica-cookies\/","og_locale":"ca_ES","og_type":"article","og_title":"Pol\u00edtica de galetes | iclotet","og_description":"Informa't sobre l'\u00fas de cookies a iclotet Consulta com recopilem i protegim les teves dades per millorar la teva experi\u00e8ncia a la nostra web.","og_url":"https:\/\/iclotet.com\/ca\/politica-cookies\/","og_site_name":"iclotet","article_modified_time":"2025-07-10T11:55:24+00:00","og_image":[{"width":118,"height":47,"url":"https:\/\/iclotet.com\/wp-content\/uploads\/2025\/01\/isotipo-colors.jpg","type":"image\/jpeg"}],"twitter_card":"summary_large_image","twitter_misc":{"Temps estimat de lectura":"7 minuts"},"schema":{"@context":"https:\/\/schema.org","@graph":[{"@type":"WebPage","@id":"https:\/\/iclotet.com\/ca\/politica-cookies\/","url":"https:\/\/iclotet.com\/ca\/politica-cookies\/","name":"Pol\u00edtica de galetes | iclotet","isPartOf":{"@id":"https:\/\/iclotet.com\/ca\/#website"},"primaryImageOfPage":{"@id":"https:\/\/iclotet.com\/ca\/politica-cookies\/#primaryimage"},"image":{"@id":"https:\/\/iclotet.com\/ca\/politica-cookies\/#primaryimage"},"thumbnailUrl":"https:\/\/iclotet.com\/wp-content\/uploads\/2025\/01\/isotipo-colors.jpg","datePublished":"2025-06-06T14:10:14+00:00","dateModified":"2025-07-10T11:55:24+00:00","description":"Informa't sobre l'\u00fas de cookies a iclotet Consulta com recopilem i protegim les teves dades per millorar la teva experi\u00e8ncia a la nostra web.","breadcrumb":{"@id":"https:\/\/iclotet.com\/ca\/politica-cookies\/#breadcrumb"},"inLanguage":"ca","potentialAction":[{"@type":"ReadAction","target":["https:\/\/iclotet.com\/ca\/politica-cookies\/"]}]},{"@type":"ImageObject","inLanguage":"ca","@id":"https:\/\/iclotet.com\/ca\/politica-cookies\/#primaryimage","url":"https:\/\/iclotet.com\/wp-content\/uploads\/2025\/01\/isotipo-colors.jpg","contentUrl":"https:\/\/iclotet.com\/wp-content\/uploads\/2025\/01\/isotipo-colors.jpg"},{"@type":"BreadcrumbList","@id":"https:\/\/iclotet.com\/ca\/politica-cookies\/#breadcrumb","itemListElement":[{"@type":"ListItem","position":1,"name":"Portada","item":"https:\/\/iclotet.com\/ca\/inici\/"},{"@type":"ListItem","position":2,"name":"Pol\u00edtica de galetes"}]},{"@type":"WebSite","@id":"https:\/\/iclotet.com\/ca\/#website","url":"https:\/\/iclotet.com\/ca\/","name":"iclotet","description":"small scale product flow","publisher":{"@id":"https:\/\/iclotet.com\/ca\/#organization"},"potentialAction":[{"@type":"SearchAction","target":{"@type":"EntryPoint","urlTemplate":"https:\/\/iclotet.com\/ca\/?s={search_term_string}"},"query-input":{"@type":"PropertyValueSpecification","valueRequired":true,"valueName":"search_term_string"}}],"inLanguage":"ca"},{"@type":"Organization","@id":"https:\/\/iclotet.com\/ca\/#organization","name":"iclotet","url":"https:\/\/iclotet.com\/ca\/","logo":{"@type":"ImageObject","inLanguage":"ca","@id":"https:\/\/iclotet.com\/ca\/#\/schema\/logo\/image\/","url":"https:\/\/iclotet.com\/wp-content\/uploads\/2025\/01\/Iclotet_white.svg","contentUrl":"https:\/\/iclotet.com\/wp-content\/uploads\/2025\/01\/Iclotet_white.svg","caption":"iclotet"},"image":{"@id":"https:\/\/iclotet.com\/ca\/#\/schema\/logo\/image\/"}}]}},"_links":{"self":[{"href":"https:\/\/iclotet.com\/ca\/wp-json\/wp\/v2\/pages\/2754","targetHints":{"allow":["GET"]}}],"collection":[{"href":"https:\/\/iclotet.com\/ca\/wp-json\/wp\/v2\/pages"}],"about":[{"href":"https:\/\/iclotet.com\/ca\/wp-json\/wp\/v2\/types\/page"}],"author":[{"embeddable":true,"href":"https:\/\/iclotet.com\/ca\/wp-json\/wp\/v2\/users\/2"}],"replies":[{"embeddable":true,"href":"https:\/\/iclotet.com\/ca\/wp-json\/wp\/v2\/comments?post=2754"}],"version-history":[{"count":1,"href":"https:\/\/iclotet.com\/ca\/wp-json\/wp\/v2\/pages\/2754\/revisions"}],"predecessor-version":[{"id":2755,"href":"https:\/\/iclotet.com\/ca\/wp-json\/wp\/v2\/pages\/2754\/revisions\/2755"}],"wp:attachment":[{"href":"https:\/\/iclotet.com\/ca\/wp-json\/wp\/v2\/media?parent=2754"}],"curies":[{"name":"wp","href":"https:\/\/api.w.org\/{rel}","templated":true}]}}