{"id":2764,"date":"2025-06-06T15:12:13","date_gmt":"2025-06-06T13:12:13","guid":{"rendered":"https:\/\/iclotet.com\/avis-legal\/"},"modified":"2025-07-10T12:25:44","modified_gmt":"2025-07-10T10:25:44","slug":"avis-legal","status":"publish","type":"page","link":"https:\/\/iclotet.com\/ca\/avis-legal\/","title":{"rendered":"Av\u00eds legal"},"content":{"rendered":"\t\t<div data-elementor-type=\"wp-page\" data-elementor-id=\"2764\" class=\"elementor elementor-2764 elementor-2217\" data-elementor-post-type=\"page\">\n\t\t\t\t<div class=\"elementor-element elementor-element-4c94977 e-flex e-con-boxed e-con e-parent\" data-id=\"4c94977\" data-element_type=\"container\" data-e-type=\"container\" data-settings=\"{&quot;background_background&quot;:&quot;classic&quot;}\">\n\t\t\t\t\t<div class=\"e-con-inner\">\n\t\t<div class=\"elementor-element elementor-element-78d592a e-con-full e-flex e-con e-child\" data-id=\"78d592a\" data-element_type=\"container\" data-e-type=\"container\">\n\t\t\t\t<div class=\"elementor-element elementor-element-f39a6d9 elementor-widget elementor-widget-spacer\" data-id=\"f39a6d9\" data-element_type=\"widget\" data-e-type=\"widget\" data-widget_type=\"spacer.default\">\n\t\t\t\t<div class=\"elementor-widget-container\">\n\t\t\t\t\t\t\t<div class=\"elementor-spacer\">\n\t\t\t<div class=\"elementor-spacer-inner\"><\/div>\n\t\t<\/div>\n\t\t\t\t\t\t<\/div>\n\t\t\t\t<\/div>\n\t\t\t\t<div class=\"elementor-element elementor-element-aeb49f4 elementor-widget__width-inherit animate__text elementor-widget-mobile__width-inherit elementor-widget-tablet__width-initial elementor-invisible elementor-widget elementor-widget-heading\" data-id=\"aeb49f4\" data-element_type=\"widget\" data-e-type=\"widget\" data-settings=\"{&quot;_animation&quot;:&quot;fadeIn&quot;}\" data-widget_type=\"heading.default\">\n\t\t\t\t<div class=\"elementor-widget-container\">\n\t\t\t\t\t<h1 class=\"elementor-heading-title elementor-size-default\">Av\u00eds legal<\/h1>\t\t\t\t<\/div>\n\t\t\t\t<\/div>\n\t\t\t\t<\/div>\n\t\t\t\t<div class=\"elementor-element elementor-element-0653c06 elementor-widget__width-initial elementor-absolute elementor-hidden-mobile elementor-widget elementor-widget-image\" data-id=\"0653c06\" data-element_type=\"widget\" data-e-type=\"widget\" data-settings=\"{&quot;_position&quot;:&quot;absolute&quot;}\" data-widget_type=\"image.default\">\n\t\t\t\t<div class=\"elementor-widget-container\">\n\t\t\t\t\t\t\t\t\t\t\t\t\t\t\t<img decoding=\"async\" width=\"118\" height=\"47\" src=\"https:\/\/iclotet.com\/wp-content\/uploads\/2025\/01\/isotipo-colors.jpg\" class=\"attachment-full size-full wp-image-51\" alt=\"\" \/>\t\t\t\t\t\t\t\t\t\t\t\t\t\t\t<\/div>\n\t\t\t\t<\/div>\n\t\t\t\t\t<\/div>\n\t\t\t\t<\/div>\n\t\t<div class=\"elementor-element elementor-element-004eeb2 e-flex e-con-boxed e-con e-parent\" data-id=\"004eeb2\" data-element_type=\"container\" data-e-type=\"container\">\n\t\t\t\t\t<div class=\"e-con-inner\">\n\t\t<div class=\"elementor-element elementor-element-005d1db e-con-full e-flex e-con e-child\" data-id=\"005d1db\" data-element_type=\"container\" data-e-type=\"container\">\n\t\t\t\t<div class=\"elementor-element elementor-element-710d529 elementor-widget elementor-widget-text-editor\" data-id=\"710d529\" data-element_type=\"widget\" data-e-type=\"widget\" data-widget_type=\"text-editor.default\">\n\t\t\t\t<div class=\"elementor-widget-container\">\n\t\t\t\t\t\t\t\t\t<p>En compliment amb el deure d\u2019informaci\u00f3 recollit a l\u2019article 10 de la Llei 34\/2002, d\u201911 de juliol, de serveis de la societat de la informaci\u00f3 i del comer\u00e7 electr\u00f2nic, li informem que el lloc web i portal d\u2019internet https:\/\/www.iclotet.com\/ (d\u2019ara endavant, el \u201cWeb\u201d) \u00e9s propietat d\u2019IGNASI CLOTET, S.L.U., amb domicili social a l\u2019Avda. Canal 19, Mollerussa, amb CIF n\u00ba B-25033259. El present av\u00eds legal regula les condicions d\u2019\u00fas del citat portal d\u2019internet.  <\/p><p>La societat IGNASI CLOTET, S.L.U. est\u00e0 inscrita al Registre Mercantil de Lleida, foli 98, tom 194, llibre 147.<\/p><h3>Llei aplicable i jurisdicci\u00f3<\/h3><p>Amb car\u00e0cter general, les relacions entre IGNASI CLOTET, S.L.U. i els usuaris dels seus serveis telem\u00e0tics, presents al web, estan sotmeses a la legislaci\u00f3 i jurisdicci\u00f3 espanyoles.<\/p><p>Les parts renuncien expressament al fur que els pogu\u00e9s correspondre i es sotmeten expressament als Jutjats i Tribunals de Mollerussa per resoldre qualsevol controv\u00e8rsia que pugui sorgir en la interpretaci\u00f3 o execuci\u00f3 de les presents condicions contractuals.<\/p><h3>Acceptaci\u00f3 de l\u2019usuari<\/h3><p>Aquest Av\u00eds Legal regula l\u2019acc\u00e9s i utilitzaci\u00f3 de la p\u00e0gina web que IGNASI CLOTET, S.L.U. posa a disposici\u00f3 dels usuaris d\u2019Internet. S\u2019ent\u00e9n per usuari la persona que accedeixi, navegui, utilitzi o participi en els serveis i activitats de la p\u00e0gina web. <\/p><p>L\u2019usuari queda informat i accepta que l\u2019acc\u00e9s a aquest web no suposa, en cap cas, l\u2019inici d\u2019una relaci\u00f3 comercial amb IGNASI CLOTET, S.L.U.<\/p><p>L\u2019acc\u00e9s i navegaci\u00f3 per part de l\u2019usuari al lloc web suposa l\u2019acceptaci\u00f3 \u00edntegra de les presents Condicions d\u2019\u00das. En cas de desacord amb les condicions, s\u2019ha d\u2019abstenir d\u2019utilitzar el lloc web. <\/p><h3>Acc\u00e9s al web<\/h3><p>L\u2019acc\u00e9s a la p\u00e0gina web per part dels usuaris \u00e9s lliure i gratu\u00eft. Alguns serveis poden estar subjectes a contractaci\u00f3 pr\u00e8via del servei. <\/p><p>Si \u00e9s necessari que l\u2019usuari aporti dades personals per accedir a algun servei, la recollida i tractament de dades es realitzar\u00e0 conforme a la normativa vigent, concretament al RGPD. Per a m\u00e9s informaci\u00f3, consulti la nostra pol\u00edtica de privacitat. <\/p><h3>Contingut i \u00fas<\/h3><p>La visita al lloc web per part de l\u2019usuari s\u2019ha de fer de manera responsable i conforme a la legalitat vigent, la bona fe, aquest Av\u00eds Legal i respectant els drets de propietat intel\u00b7lectual i industrial d\u2019IGNASI CLOTET, S.L.U. o altres persones f\u00edsiques o jur\u00eddiques.<\/p><p>Queda totalment prohibit l\u2019\u00fas dels continguts del web per a finalitats il\u00b7l\u00edcties, aix\u00ed com qualsevol acci\u00f3 que provoqui o pugui provocar danys o alteracions no consentides per IGNASI CLOTET, S.L.U. al lloc web o als seus continguts.<\/p><p>El titular del web no s\u2019identifica amb les opinions expressades en el mateix pels seus col\u00b7laboradors. L\u2019empresa es reserva el dret de realitzar, sense av\u00eds previ, les modificacions que consideri oportunes en el seu web, podent canviar, suprimir o afegir tant els continguts i serveis que s\u2019ofereixen a trav\u00e9s d\u2019aquest com la forma en qu\u00e8 aquests apareixen presentats o ubicats als seus servidors. <\/p><h3>Propietat intel\u00b7lectual i industrial<\/h3><p>Els drets de propietat intel\u00b7lectual del contingut de les p\u00e0gines web, el seu disseny gr\u00e0fic i codis s\u00f3n titularitat d\u2019IGNASI CLOTET, S.L.U. i, per tant, queda prohibida la seva reproducci\u00f3, distribuci\u00f3, comunicaci\u00f3 p\u00fablica, transformaci\u00f3 o qualsevol altra activitat que es realitzi amb els continguts de la p\u00e0gina web, ni tan sols encara que es citen les fonts, llevat que es compti amb el consentiment previ, expr\u00e9s i per escrit d\u2019IGNASI CLOTET, S.L.U.. Tots els noms comercials, marques o signes distintius continguts en les p\u00e0gines web de l\u2019empresa s\u00f3n propietat dels seus titulars i estan protegits per llei. <\/p><p>IGNASI CLOTET, S.L.U. no concedeix cap llic\u00e8ncia ni autoritzaci\u00f3 d\u2019\u00fas de cap tipus sobre els seus drets de propietat intel\u00b7lectual i industrial o sobre qualsevol altra propietat o dret relacionat amb el lloc web, i en cap cas s\u2019entendr\u00e0 que l\u2019acc\u00e9s i navegaci\u00f3 dels usuaris implica una ren\u00fancia, transmissi\u00f3, llic\u00e8ncia o cessi\u00f3 total ni parcial d\u2019aquests drets per part d\u2019IGNASI CLOTET, S.L.U.<\/p><p>Qualsevol \u00fas d\u2019aquests continguts no autoritzat pr\u00e8viament per part d\u2019IGNASI CLOTET, S.L.U. ser\u00e0 considerat un incompliment greu dels drets de propietat intel\u00b7lectual o industrial i donar\u00e0 lloc a les responsabilitats legalment establertes. IGNASI CLOTET, S.L.U. es reserva el dret d\u2019exercir davant l\u2019usuari les accions judicials i extrajudicials que corresponguin. <\/p><h3>Responsabilitat i garanties<\/h3><p>IGNASI CLOTET, S.L.U. declara que ha adoptat les mesures necess\u00e0ries que, dins les seves possibilitats i l\u2019estat de la tecnologia, permetin el correcte funcionament del seu lloc web aix\u00ed com l\u2019abs\u00e8ncia de virus i components danyinosos. No obstant aix\u00f2, IGNASI CLOTET, S.L.U. no es pot fer responsable de les seg\u00fcents situacions que es detallen a t\u00edtol enunciatiu, per\u00f2 no limitatiu: <\/p><ul><li>La continu\u00eftat i disponibilitat dels continguts.<\/li><li>L\u2019abs\u00e8ncia d\u2019errors en aquests Continguts ni la correcci\u00f3 de qualsevol defecte que pugui oc\u00f3rrer.<\/li><li>L\u2019abs\u00e8ncia de virus i\/o altres components danyinosos.<\/li><li>Els danys o perjudicis que causi qualsevol persona que vulneri els sistemes de seguretat d\u2019IGNASI CLOTET, S.L.U.<\/li><li>L\u2019\u00fas que els usuaris puguin fer dels continguts inclosos al web. En conseq\u00fc\u00e8ncia, IGNASI CLOTET, S.L.U. no garanteix que l\u2019\u00fas que els usuaris puguin fer dels continguts que s\u2019incloguin al lloc web s\u2019ajusti al present av\u00eds legal, ni que l\u2019\u00fas del lloc web es realitzi de forma diligent. <\/li><li>L\u2019\u00fas per menors d\u2019edat del lloc web o de l\u2019enviament de les seves dades personals sense el perm\u00eds dels seus tutors, sent els tutors responsables de l\u2019\u00fas que facin d\u2019Internet.<\/li><li>Els continguts als quals l\u2019usuari pugui accedir a trav\u00e9s d\u2019enlla\u00e7os no autoritzats o introdu\u00efts per usuaris mitjan\u00e7ant comentaris o eines similars.<\/li><li>La introducci\u00f3 de dades err\u00f2nies per part de l\u2019usuari o d\u2019un tercer.<\/li><\/ul><p>IGNASI CLOTET, S.L.U. podr\u00e0 suspendre temporalment i sense av\u00eds previ l\u2019accessibilitat al lloc web amb motiu d\u2019operacions de manteniment, reparaci\u00f3, actualitzaci\u00f3 o millora. No obstant aix\u00f2, sempre que les circumst\u00e0ncies ho permetin, IGNASI CLOTET, S.L.U. comunicar\u00e0 a l\u2019usuari, amb antelaci\u00f3 suficient, la data prevista per a la suspensi\u00f3 dels continguts. <\/p><p>Aix\u00ed mateix, d\u2019acord amb els arts. 11 i 16 de la Llei 34\/2002, d\u201911 de juliol, de serveis de la societat de la informaci\u00f3 i de comer\u00e7 electr\u00f2nic (LSSICE), IGNASI CLOTET, S.L.U. es compromet a l\u2019eliminaci\u00f3 o, si escau, bloqueig dels continguts que puguin afectar o ser contraris a la legislaci\u00f3 vigent, als drets de tercers o a la moral i ordre p\u00fablic. <\/p><h3>Enlla\u00e7os (links)<\/h3><p>La pres\u00e8ncia d\u2019enlla\u00e7os (links) a la p\u00e0gina web d\u2019IGNASI CLOTET, S.L.U. cap a altres llocs d\u2019Internet t\u00e9 finalitat merament informativa i en cap cas suposa suggeriment, invitaci\u00f3 o recomanaci\u00f3 sobre els mateixos. IGNASI CLOTET, S.L.U. no assumir\u00e0 responsabilitat pels continguts d\u2019un enlla\u00e7 pertanyent a un lloc web aliena, ni garantir\u00e0 la fiabilitat, exactitud, amplitud, veracitat, validesa i disponibilitat t\u00e8cnica. <\/p><p>En cas que en altres llocs web s\u2019estableixin enlla\u00e7os a la p\u00e0gina web d\u2019IGNASI CLOTET, S.L.U., no s\u2019entendr\u00e0 que IGNASI CLOTET, S.L.U. ha autoritzat l\u2019enlla\u00e7 o el contingut del lloc web en qu\u00e8 es cont\u00e9 l\u2019enlla\u00e7, tampoc podr\u00e0 incloure\u2019s a la p\u00e0gina de l\u2019enlla\u00e7 continguts inapropiats, difamatoris, il\u00b7legals, obscens o il\u00b7l\u00edcits, ni altres continguts contraris a la legalitat vigent.<\/p><p>IGNASI CLOTET, S.L.U. es reserva la possibilitat de contactar amb el propietari del lloc web en qu\u00e8 s\u2019estableixi l\u2019enlla\u00e7 si considera que s\u2019incompleix la normativa, aix\u00ed com d\u2019exercir les corresponents accions judicials i extrajudicials.<\/p><h3>Modificaci\u00f3 de les condicions<\/h3><p>IGNASI CLOTET, S.L.U. es reserva expressament el dret a modificar unilateralment, total o parcialment, sense necessitat de previ av\u00eds, el present Av\u00eds Legal. L\u2019usuari reconeix i accepta que \u00e9s responsabilitat seva revisar peri\u00f2dicament el present Av\u00eds Legal.  <\/p>\t\t\t\t\t\t\t\t<\/div>\n\t\t\t\t<\/div>\n\t\t\t\t<\/div>\n\t\t\t\t\t<\/div>\n\t\t\t\t<\/div>\n\t\t\t\t<\/div>\n\t\t","protected":false},"excerpt":{"rendered":"<p>En compliment amb el deure d\u2019informaci\u00f3 recollit a l\u2019article 10 de la Llei 34\/2002, d\u201911 de juliol, de serveis de la societat de la informaci\u00f3 i del comer\u00e7 electr\u00f2nic, li informem que el lloc web i portal d\u2019internet https:\/\/www.iclotet.com\/ (d\u2019ara endavant, el \u201cWeb\u201d) \u00e9s propietat d\u2019IGNASI CLOTET, S.L.U., amb domicili social a l\u2019Avda. Canal 19, [&hellip;]<\/p>\n","protected":false},"author":2,"featured_media":0,"parent":0,"menu_order":0,"comment_status":"closed","ping_status":"closed","template":"","meta":{"_acf_changed":false,"footnotes":""},"class_list":["post-2764","page","type-page","status-publish","hentry"],"acf":[],"yoast_head":"<!-- This site is optimized with the Yoast SEO plugin v26.9 - https:\/\/yoast.com\/product\/yoast-seo-wordpress\/ -->\n<title>Av\u00eds legal | iclotet<\/title>\n<meta name=\"description\" content=\"Consulta l&#039;av\u00eds legal d&#039;iclotet i coneix la normativa que regula l&#039;\u00fas de la nostra web i els drets dels usuaris.\" \/>\n<meta name=\"robots\" content=\"index, follow, max-snippet:-1, max-image-preview:large, max-video-preview:-1\" \/>\n<link rel=\"canonical\" href=\"https:\/\/iclotet.com\/ca\/avis-legal\/\" \/>\n<meta property=\"og:locale\" content=\"ca_ES\" \/>\n<meta property=\"og:type\" content=\"article\" \/>\n<meta property=\"og:title\" content=\"Av\u00eds legal | iclotet\" \/>\n<meta property=\"og:description\" content=\"Consulta l&#039;av\u00eds legal d&#039;iclotet i coneix la normativa que regula l&#039;\u00fas de la nostra web i els drets dels usuaris.\" \/>\n<meta property=\"og:url\" content=\"https:\/\/iclotet.com\/ca\/avis-legal\/\" \/>\n<meta property=\"og:site_name\" content=\"iclotet\" \/>\n<meta property=\"article:modified_time\" content=\"2025-07-10T10:25:44+00:00\" \/>\n<meta property=\"og:image\" content=\"https:\/\/iclotet.com\/wp-content\/uploads\/2025\/01\/isotipo-colors.jpg\" \/>\n\t<meta property=\"og:image:width\" content=\"118\" \/>\n\t<meta property=\"og:image:height\" content=\"47\" \/>\n\t<meta property=\"og:image:type\" content=\"image\/jpeg\" \/>\n<meta name=\"twitter:card\" content=\"summary_large_image\" \/>\n<meta name=\"twitter:label1\" content=\"Temps estimat de lectura\" \/>\n\t<meta name=\"twitter:data1\" content=\"7 minuts\" \/>\n<script type=\"application\/ld+json\" class=\"yoast-schema-graph\">{\"@context\":\"https:\/\/schema.org\",\"@graph\":[{\"@type\":\"WebPage\",\"@id\":\"https:\/\/iclotet.com\/ca\/avis-legal\/\",\"url\":\"https:\/\/iclotet.com\/ca\/avis-legal\/\",\"name\":\"Av\u00eds legal | iclotet\",\"isPartOf\":{\"@id\":\"https:\/\/iclotet.com\/ca\/#website\"},\"primaryImageOfPage\":{\"@id\":\"https:\/\/iclotet.com\/ca\/avis-legal\/#primaryimage\"},\"image\":{\"@id\":\"https:\/\/iclotet.com\/ca\/avis-legal\/#primaryimage\"},\"thumbnailUrl\":\"https:\/\/iclotet.com\/wp-content\/uploads\/2025\/01\/isotipo-colors.jpg\",\"datePublished\":\"2025-06-06T13:12:13+00:00\",\"dateModified\":\"2025-07-10T10:25:44+00:00\",\"description\":\"Consulta l'av\u00eds legal d'iclotet i coneix la normativa que regula l'\u00fas de la nostra web i els drets dels usuaris.\",\"breadcrumb\":{\"@id\":\"https:\/\/iclotet.com\/ca\/avis-legal\/#breadcrumb\"},\"inLanguage\":\"ca\",\"potentialAction\":[{\"@type\":\"ReadAction\",\"target\":[\"https:\/\/iclotet.com\/ca\/avis-legal\/\"]}]},{\"@type\":\"ImageObject\",\"inLanguage\":\"ca\",\"@id\":\"https:\/\/iclotet.com\/ca\/avis-legal\/#primaryimage\",\"url\":\"https:\/\/iclotet.com\/wp-content\/uploads\/2025\/01\/isotipo-colors.jpg\",\"contentUrl\":\"https:\/\/iclotet.com\/wp-content\/uploads\/2025\/01\/isotipo-colors.jpg\"},{\"@type\":\"BreadcrumbList\",\"@id\":\"https:\/\/iclotet.com\/ca\/avis-legal\/#breadcrumb\",\"itemListElement\":[{\"@type\":\"ListItem\",\"position\":1,\"name\":\"Portada\",\"item\":\"https:\/\/iclotet.com\/ca\/inici\/\"},{\"@type\":\"ListItem\",\"position\":2,\"name\":\"Av\u00eds legal\"}]},{\"@type\":\"WebSite\",\"@id\":\"https:\/\/iclotet.com\/ca\/#website\",\"url\":\"https:\/\/iclotet.com\/ca\/\",\"name\":\"iclotet\",\"description\":\"small scale product flow\",\"publisher\":{\"@id\":\"https:\/\/iclotet.com\/ca\/#organization\"},\"potentialAction\":[{\"@type\":\"SearchAction\",\"target\":{\"@type\":\"EntryPoint\",\"urlTemplate\":\"https:\/\/iclotet.com\/ca\/?s={search_term_string}\"},\"query-input\":{\"@type\":\"PropertyValueSpecification\",\"valueRequired\":true,\"valueName\":\"search_term_string\"}}],\"inLanguage\":\"ca\"},{\"@type\":\"Organization\",\"@id\":\"https:\/\/iclotet.com\/ca\/#organization\",\"name\":\"iclotet\",\"url\":\"https:\/\/iclotet.com\/ca\/\",\"logo\":{\"@type\":\"ImageObject\",\"inLanguage\":\"ca\",\"@id\":\"https:\/\/iclotet.com\/ca\/#\/schema\/logo\/image\/\",\"url\":\"https:\/\/iclotet.com\/wp-content\/uploads\/2025\/01\/Iclotet_white.svg\",\"contentUrl\":\"https:\/\/iclotet.com\/wp-content\/uploads\/2025\/01\/Iclotet_white.svg\",\"caption\":\"iclotet\"},\"image\":{\"@id\":\"https:\/\/iclotet.com\/ca\/#\/schema\/logo\/image\/\"}}]}<\/script>\n<!-- \/ Yoast SEO plugin. -->","yoast_head_json":{"title":"Av\u00eds legal | iclotet","description":"Consulta l'av\u00eds legal d'iclotet i coneix la normativa que regula l'\u00fas de la nostra web i els drets dels usuaris.","robots":{"index":"index","follow":"follow","max-snippet":"max-snippet:-1","max-image-preview":"max-image-preview:large","max-video-preview":"max-video-preview:-1"},"canonical":"https:\/\/iclotet.com\/ca\/avis-legal\/","og_locale":"ca_ES","og_type":"article","og_title":"Av\u00eds legal | iclotet","og_description":"Consulta l'av\u00eds legal d'iclotet i coneix la normativa que regula l'\u00fas de la nostra web i els drets dels usuaris.","og_url":"https:\/\/iclotet.com\/ca\/avis-legal\/","og_site_name":"iclotet","article_modified_time":"2025-07-10T10:25:44+00:00","og_image":[{"width":118,"height":47,"url":"https:\/\/iclotet.com\/wp-content\/uploads\/2025\/01\/isotipo-colors.jpg","type":"image\/jpeg"}],"twitter_card":"summary_large_image","twitter_misc":{"Temps estimat de lectura":"7 minuts"},"schema":{"@context":"https:\/\/schema.org","@graph":[{"@type":"WebPage","@id":"https:\/\/iclotet.com\/ca\/avis-legal\/","url":"https:\/\/iclotet.com\/ca\/avis-legal\/","name":"Av\u00eds legal | iclotet","isPartOf":{"@id":"https:\/\/iclotet.com\/ca\/#website"},"primaryImageOfPage":{"@id":"https:\/\/iclotet.com\/ca\/avis-legal\/#primaryimage"},"image":{"@id":"https:\/\/iclotet.com\/ca\/avis-legal\/#primaryimage"},"thumbnailUrl":"https:\/\/iclotet.com\/wp-content\/uploads\/2025\/01\/isotipo-colors.jpg","datePublished":"2025-06-06T13:12:13+00:00","dateModified":"2025-07-10T10:25:44+00:00","description":"Consulta l'av\u00eds legal d'iclotet i coneix la normativa que regula l'\u00fas de la nostra web i els drets dels usuaris.","breadcrumb":{"@id":"https:\/\/iclotet.com\/ca\/avis-legal\/#breadcrumb"},"inLanguage":"ca","potentialAction":[{"@type":"ReadAction","target":["https:\/\/iclotet.com\/ca\/avis-legal\/"]}]},{"@type":"ImageObject","inLanguage":"ca","@id":"https:\/\/iclotet.com\/ca\/avis-legal\/#primaryimage","url":"https:\/\/iclotet.com\/wp-content\/uploads\/2025\/01\/isotipo-colors.jpg","contentUrl":"https:\/\/iclotet.com\/wp-content\/uploads\/2025\/01\/isotipo-colors.jpg"},{"@type":"BreadcrumbList","@id":"https:\/\/iclotet.com\/ca\/avis-legal\/#breadcrumb","itemListElement":[{"@type":"ListItem","position":1,"name":"Portada","item":"https:\/\/iclotet.com\/ca\/inici\/"},{"@type":"ListItem","position":2,"name":"Av\u00eds legal"}]},{"@type":"WebSite","@id":"https:\/\/iclotet.com\/ca\/#website","url":"https:\/\/iclotet.com\/ca\/","name":"iclotet","description":"small scale product flow","publisher":{"@id":"https:\/\/iclotet.com\/ca\/#organization"},"potentialAction":[{"@type":"SearchAction","target":{"@type":"EntryPoint","urlTemplate":"https:\/\/iclotet.com\/ca\/?s={search_term_string}"},"query-input":{"@type":"PropertyValueSpecification","valueRequired":true,"valueName":"search_term_string"}}],"inLanguage":"ca"},{"@type":"Organization","@id":"https:\/\/iclotet.com\/ca\/#organization","name":"iclotet","url":"https:\/\/iclotet.com\/ca\/","logo":{"@type":"ImageObject","inLanguage":"ca","@id":"https:\/\/iclotet.com\/ca\/#\/schema\/logo\/image\/","url":"https:\/\/iclotet.com\/wp-content\/uploads\/2025\/01\/Iclotet_white.svg","contentUrl":"https:\/\/iclotet.com\/wp-content\/uploads\/2025\/01\/Iclotet_white.svg","caption":"iclotet"},"image":{"@id":"https:\/\/iclotet.com\/ca\/#\/schema\/logo\/image\/"}}]}},"_links":{"self":[{"href":"https:\/\/iclotet.com\/ca\/wp-json\/wp\/v2\/pages\/2764","targetHints":{"allow":["GET"]}}],"collection":[{"href":"https:\/\/iclotet.com\/ca\/wp-json\/wp\/v2\/pages"}],"about":[{"href":"https:\/\/iclotet.com\/ca\/wp-json\/wp\/v2\/types\/page"}],"author":[{"embeddable":true,"href":"https:\/\/iclotet.com\/ca\/wp-json\/wp\/v2\/users\/2"}],"replies":[{"embeddable":true,"href":"https:\/\/iclotet.com\/ca\/wp-json\/wp\/v2\/comments?post=2764"}],"version-history":[{"count":1,"href":"https:\/\/iclotet.com\/ca\/wp-json\/wp\/v2\/pages\/2764\/revisions"}],"predecessor-version":[{"id":2765,"href":"https:\/\/iclotet.com\/ca\/wp-json\/wp\/v2\/pages\/2764\/revisions\/2765"}],"wp:attachment":[{"href":"https:\/\/iclotet.com\/ca\/wp-json\/wp\/v2\/media?parent=2764"}],"curies":[{"name":"wp","href":"https:\/\/api.w.org\/{rel}","templated":true}]}}